{"id":103,"date":"2023-01-05T13:55:21","date_gmt":"2023-01-05T13:55:21","guid":{"rendered":"https:\/\/opportunity.inefc.es\/?page_id=103"},"modified":"2023-01-18T12:14:51","modified_gmt":"2023-01-18T12:14:51","slug":"metodologia-de-intervencion-practica-para-promover-la-equidad-de-genero","status":"publish","type":"page","link":"https:\/\/opportunity.inefc.es\/?page_id=103","title":{"rendered":"Metodolog\u00eda de Intervenci\u00f3n Pr\u00e1ctica para promover la Equidad de G\u00e9nero"},"content":{"rendered":"\n<figure class=\"wp-block-image size-large is-resized\"><img loading=\"lazy\" src=\"https:\/\/opportunity.inefc.es\/wp-content\/uploads\/2023\/01\/Captura-de-pantalla-2023-01-05-a-las-14.50.56-734x1024.png\" alt=\"\" class=\"wp-image-109\" width=\"412\" height=\"574\" srcset=\"https:\/\/opportunity.inefc.es\/wp-content\/uploads\/2023\/01\/Captura-de-pantalla-2023-01-05-a-las-14.50.56-734x1024.png 734w, https:\/\/opportunity.inefc.es\/wp-content\/uploads\/2023\/01\/Captura-de-pantalla-2023-01-05-a-las-14.50.56-215x300.png 215w, https:\/\/opportunity.inefc.es\/wp-content\/uploads\/2023\/01\/Captura-de-pantalla-2023-01-05-a-las-14.50.56-768x1071.png 768w, https:\/\/opportunity.inefc.es\/wp-content\/uploads\/2023\/01\/Captura-de-pantalla-2023-01-05-a-las-14.50.56.png 1078w\" sizes=\"(max-width: 412px) 100vw, 412px\" \/><\/figure>\n\n\n\n<div class=\"wp-block-file\"><a href=\"https:\/\/opportunity.inefc.es\/wp-content\/uploads\/2023\/01\/ES_Manual-Igualdad-Ge\u0301nero.pdf\">ES_Gender Equality<\/a><a href=\"https:\/\/opportunity.inefc.es\/wp-content\/uploads\/2023\/01\/ES_Manual-Igualdad-Ge\u0301nero.pdf\" class=\"wp-block-file__button\" download>Descarga<\/a><\/div>\n\n\n\n<div class=\"wp-block-file\"><a href=\"https:\/\/opportunity.inefc.es\/wp-content\/uploads\/2023\/01\/FR_manuel-genre.pdf\">FR_Gender Equality<\/a><a href=\"https:\/\/opportunity.inefc.es\/wp-content\/uploads\/2023\/01\/FR_manuel-genre.pdf\" class=\"wp-block-file__button\" download>Descarga<\/a><\/div>\n\n\n\n<div class=\"wp-block-file\"><a href=\"https:\/\/opportunity.inefc.es\/wp-content\/uploads\/2023\/01\/EN_Gender-Equality-Manual.pdf\">EN_Gender Equality<\/a><a href=\"https:\/\/opportunity.inefc.es\/wp-content\/uploads\/2023\/01\/EN_Gender-Equality-Manual.pdf\" class=\"wp-block-file__button\" download>Descarga<\/a><\/div>\n\n\n\n<p><\/p>\n","protected":false},"excerpt":{"rendered":"","protected":false},"author":1,"featured_media":0,"parent":0,"menu_order":0,"comment_status":"closed","ping_status":"closed","template":"","meta":[],"_links":{"self":[{"href":"https:\/\/opportunity.inefc.es\/index.php?rest_route=\/wp\/v2\/pages\/103"}],"collection":[{"href":"https:\/\/opportunity.inefc.es\/index.php?rest_route=\/wp\/v2\/pages"}],"about":[{"href":"https:\/\/opportunity.inefc.es\/index.php?rest_route=\/wp\/v2\/types\/page"}],"author":[{"embeddable":true,"href":"https:\/\/opportunity.inefc.es\/index.php?rest_route=\/wp\/v2\/users\/1"}],"replies":[{"embeddable":true,"href":"https:\/\/opportunity.inefc.es\/index.php?rest_route=%2Fwp%2Fv2%2Fcomments&post=103"}],"version-history":[{"count":4,"href":"https:\/\/opportunity.inefc.es\/index.php?rest_route=\/wp\/v2\/pages\/103\/revisions"}],"predecessor-version":[{"id":118,"href":"https:\/\/opportunity.inefc.es\/index.php?rest_route=\/wp\/v2\/pages\/103\/revisions\/118"}],"wp:attachment":[{"href":"https:\/\/opportunity.inefc.es\/index.php?rest_route=%2Fwp%2Fv2%2Fmedia&parent=103"}],"curies":[{"name":"wp","href":"https:\/\/api.w.org\/{rel}","templated":true}]}}