{"id":75,"date":"2023-01-05T13:44:16","date_gmt":"2023-01-05T13:44:16","guid":{"rendered":"https:\/\/opportunity.inefc.es\/?page_id=75"},"modified":"2023-01-18T12:15:37","modified_gmt":"2023-01-18T12:15:37","slug":"manuales-de-juegos-deportivos-tradicionales","status":"publish","type":"page","link":"https:\/\/opportunity.inefc.es\/?page_id=75","title":{"rendered":"Metodolog\u00eda de Intervenci\u00f3n Pr\u00e1ctica para promover la Inclusi\u00f3n Social"},"content":{"rendered":"\n<div class=\"wp-block-columns\">\n<div class=\"wp-block-column\" style=\"flex-basis:100%\">\n<figure class=\"wp-block-image size-large is-resized\"><img loading=\"lazy\" src=\"https:\/\/opportunity.inefc.es\/wp-content\/uploads\/2023\/01\/Captura-de-pantalla-2023-01-05-a-las-14.09.00-725x1024.png\" alt=\"\" class=\"wp-image-101\" width=\"426\" height=\"601\" srcset=\"https:\/\/opportunity.inefc.es\/wp-content\/uploads\/2023\/01\/Captura-de-pantalla-2023-01-05-a-las-14.09.00-725x1024.png 725w, https:\/\/opportunity.inefc.es\/wp-content\/uploads\/2023\/01\/Captura-de-pantalla-2023-01-05-a-las-14.09.00-212x300.png 212w, https:\/\/opportunity.inefc.es\/wp-content\/uploads\/2023\/01\/Captura-de-pantalla-2023-01-05-a-las-14.09.00-768x1085.png 768w, https:\/\/opportunity.inefc.es\/wp-content\/uploads\/2023\/01\/Captura-de-pantalla-2023-01-05-a-las-14.09.00.png 1062w\" sizes=\"(max-width: 426px) 100vw, 426px\" \/><\/figure>\n\n\n\n<div class=\"wp-block-group\"><div class=\"wp-block-group__inner-container\">\n<div class=\"wp-block-group\"><div class=\"wp-block-group__inner-container\">\n<div class=\"wp-block-columns\">\n<div class=\"wp-block-column\" style=\"flex-basis:100%\">\n<div class=\"wp-block-group\"><div class=\"wp-block-group__inner-container\">\n<div class=\"wp-block-file\"><a href=\"https:\/\/opportunity.inefc.es\/wp-content\/uploads\/2023\/01\/ES_Social-Inclusion.pdf\">ES_Social Inclusion<\/a><a href=\"https:\/\/opportunity.inefc.es\/wp-content\/uploads\/2023\/01\/ES_Social-Inclusion.pdf\" class=\"wp-block-file__button\" download>Descarga<\/a><\/div>\n\n\n\n<div class=\"wp-block-file\"><a href=\"https:\/\/opportunity.inefc.es\/wp-content\/uploads\/2023\/01\/FR_Social-Inclusion.pdf\">FR_Social Inclusion<\/a><a href=\"https:\/\/opportunity.inefc.es\/wp-content\/uploads\/2023\/01\/FR_Social-Inclusion.pdf\" class=\"wp-block-file__button\" download>Descarga<\/a><\/div>\n\n\n\n<div class=\"wp-block-file\"><a href=\"https:\/\/opportunity.inefc.es\/wp-content\/uploads\/2023\/01\/EN_Social-Inclusion.pdf\">EN_Social Inclusion<\/a><a href=\"https:\/\/opportunity.inefc.es\/wp-content\/uploads\/2023\/01\/EN_Social-Inclusion.pdf\" class=\"wp-block-file__button\" download>Descarga<\/a><\/div>\n<\/div><\/div>\n<\/div>\n<\/div>\n<\/div><\/div>\n<\/div><\/div>\n<\/div>\n<\/div>\n\n\n\n<p><\/p>\n","protected":false},"excerpt":{"rendered":"","protected":false},"author":1,"featured_media":0,"parent":0,"menu_order":0,"comment_status":"closed","ping_status":"closed","template":"","meta":[],"_links":{"self":[{"href":"https:\/\/opportunity.inefc.es\/index.php?rest_route=\/wp\/v2\/pages\/75"}],"collection":[{"href":"https:\/\/opportunity.inefc.es\/index.php?rest_route=\/wp\/v2\/pages"}],"about":[{"href":"https:\/\/opportunity.inefc.es\/index.php?rest_route=\/wp\/v2\/types\/page"}],"author":[{"embeddable":true,"href":"https:\/\/opportunity.inefc.es\/index.php?rest_route=\/wp\/v2\/users\/1"}],"replies":[{"embeddable":true,"href":"https:\/\/opportunity.inefc.es\/index.php?rest_route=%2Fwp%2Fv2%2Fcomments&post=75"}],"version-history":[{"count":6,"href":"https:\/\/opportunity.inefc.es\/index.php?rest_route=\/wp\/v2\/pages\/75\/revisions"}],"predecessor-version":[{"id":128,"href":"https:\/\/opportunity.inefc.es\/index.php?rest_route=\/wp\/v2\/pages\/75\/revisions\/128"}],"wp:attachment":[{"href":"https:\/\/opportunity.inefc.es\/index.php?rest_route=%2Fwp%2Fv2%2Fmedia&parent=75"}],"curies":[{"name":"wp","href":"https:\/\/api.w.org\/{rel}","templated":true}]}}